{"id":1395,"date":"2024-12-16T14:11:45","date_gmt":"2024-12-16T07:11:45","guid":{"rendered":"https:\/\/csagricorp.com\/dieu-khoan-su-dung\/"},"modified":"2024-12-23T10:45:38","modified_gmt":"2024-12-23T03:45:38","slug":"dieu-khoan-su-dung","status":"publish","type":"page","link":"https:\/\/csagricorp.com\/zh-hant\/dieu-khoan-su-dung\/","title":{"rendered":"\u4f7f\u7528\u6761\u6b3e"},"content":{"rendered":"<section id=\"primary\" class=\"page-with-sidebar with-right-sidebar\">\n<div id=\"post-11262\" class=\"post-11262 page type-page status-publish hentry\">\n<section>\n<div class=\"container\">\n<p><strong>\u0110I\u1ec0U KHO\u1ea2N S\u1eec D\u1ee4NG<\/strong><\/p>\n<p>&#8211; X\u00e1c l\u1eadp m\u1ed9t th\u1ecfa thu\u1eadn gi\u1eefa NG\u01af\u1edcI S\u1eec D\u1ee4NG website v\u00e0 C\u00f4ng ty.<\/p>\n<p>&#8211; Tr\u00e1ch nhi\u1ec7m c\u1ee7a C\u00f4ng ty l\u00e0 \u0111\u1ea3m b\u1ea3o c\u00e1c t\u00ednh h\u1ee3p ph\u00e1p cho c\u00e1c n\u1ed9i dung tr\u00ean Website.<\/p>\n<p>&#8211; Tr\u00e1ch nhi\u1ec7m c\u1ee7a NG\u01af\u1edcI S\u1eec D\u1ee4NG l\u00e0 tu\u00e2n th\u1ee7 c\u00e1c \u0111i\u1ec1u kho\u1ea3n v\u00e0 \u0111i\u1ec1u ki\u1ec7n s\u1eed d\u1ee5ng theo quy \u0111\u1ecbnh c\u1ee7a C\u00f4ng ty khi truy c\u1eadp v\u00e0\/ho\u1eb7c s\u1eed d\u1ee5ng b\u1ea5t k\u1ef3 ti\u1ec7n \u00edch n\u00e0o t\u1eeb website Csagricorp.<\/p>\n<p>&#8211; Csagricorp ch\u1ecbu tr\u00e1ch nhi\u1ec7m \u0111\u1ea3m b\u1ea3o t\u00ednh h\u1ee3p ph\u00e1p c\u1ee7a vi\u1ec7c cung c\u1ea5p Website \u0111\u1ebfn NG\u01af\u1edcI S\u1eec D\u1ee4NG, c\u00e1c th\u00f4ng tin, h\u00ecnh \u1ea3nh v\u00e0 to\u00e0n b\u1ed9 c\u00e1c n\u1ed9i dung \u0111\u01b0\u1ee3c \u0111\u01b0a l\u00ean Website kh\u00f4ng vi ph\u1ea1m c\u00e1c quy \u0111\u1ecbnh ph\u00e1p lu\u1eadt c\u1ea5m, c\u00e1c quy \u0111\u1ecbnh v\u1ec1 thu\u1ea7n phong m\u1ef9 t\u1ee5c .<\/p>\n<p>&#8211; NG\u01af\u1edcI S\u1eec D\u1ee4NG \u0111\u1ed3ng \u00fd c\u00f3 tr\u00e1ch nhi\u1ec7m tu\u00e2n th\u1ee7 c\u00e1c \u0111i\u1ec1u ki\u1ec7n, \u0111i\u1ec1u kho\u1ea3n SD website nh\u01b0 \u0111\u01b0\u1ee3c n\u00eau b\u00ean d\u01b0\u1edbi;<\/p>\n<p>&#8211; NG\u01af\u1edcI S\u1eec D\u1ee4NG \u0111\u1ed3ng \u00fd c\u00f3 tr\u00e1ch nhi\u1ec7m \u0111\u1ecdc c\u1ea9n th\u1eadn c\u00e1c \u0111i\u1ec1u kho\u1ea3n s\u1eed d\u1ee5ng v\u00e0 cam k\u1ebft r\u00e0ng bu\u1ed9c. Tr\u01b0\u1eddng h\u1ee3p kh\u00f4ng \u0111\u1ed3ng \u00fd NG\u01af\u1edcI S\u1eec D\u1ee4NG ch\u1ea5m d\u1ee9t vi\u1ec7c s\u1eed d\u1ee5ng; <\/p>\n<p>&#8211; \u0110i\u1ec1u kho\u1ea3n s\u1eed d\u1ee5ng c\u00f3 hi\u1ec7u l\u1ef1c k\u1ec3 t\u1eeb th\u1eddi \u0111i\u1ec3m NG\u01af\u1edcI S\u1eec D\u1ee4NG b\u1eaft \u0111\u1ea7u truy c\u1eadp v\u00e0o website<\/p>\n<p><strong>B\u1ea2N QUY\u1ec0N V\u00c0 TH\u01af\u01a0NG HI\u1ec6U<\/strong><\/p>\n<p>Tuy\u00ean b\u1ed1 c\u00e1c quy\u1ec1n S\u1edf h\u1eefu tr\u00ed tu\u1ec7 c\u1ee7a C\u00f4ng ty \u0111\u1ed1i v\u1edbi c\u00e1c \u0111\u1ed1i t\u01b0\u1ee3ng quy\u1ec1n th\u1ec3 hi\u1ec7n tr\u00ean website<\/p>\n<p>&#8211; Trang web n\u00e0y v\u00e0 t\u1ea5t c\u1ea3 n\u1ed9i dung c\u1ee7a trang web, bao g\u1ed3m nh\u01b0ng kh\u00f4ng gi\u1edbi h\u1ea1n c\u00e1c v\u0103n b\u1ea3n, thi\u1ebft k\u1ebf, \u0111\u1ed3 h\u1ecda, giao di\u1ec7n, h\u00ecnh \u1ea3nh v\u00e0 m\u00e3 code \u0111\u1ec1u thu\u1ed9c b\u1ea3n quy\u1ec1n c\u1ee7a Csagricorp ho\u1eb7c b\u00ean th\u1ee9 ba c\u1ea5p ph\u00e9p cho Csagricorp. B\u1ea3n quy\u1ec1n c\u1ee7a Csagricorp \u0111\u01b0\u1ee3c th\u1ec3 hi\u1ec7n tr\u00ean trang web b\u1eb1ng d\u00f2ng ch\u1eef ti\u1ebfng Anh &#8220;\u00a9 2024 Copyright by Csagricorp. All rights reserved.&#8221;. <\/p>\n<p>&#8211; B\u1ea5t k\u1ef3 n\u1ed9i dung n\u00e0o thu\u1ed9c trang Web n\u00e0y v\u1ec1 nh\u00e3n hi\u1ec7u, t\u00ean th\u01b0\u01a1ng m\u1ea1i, KDCN&#8230; \u0111\u1ec1u thu\u1ed9c quy\u1ec1n s\u1edf h\u1eefu c\u1ee7a Csagricorp v\u00e0 \u0111\u01b0\u1ee3c b\u1ea3o h\u1ed9 theo quy \u0111\u1ecbnh c\u1ee7a Lu\u1eadt S\u1edf h\u1eefu tr\u00ed tu\u1ec7 Vi\u1ec7t Nam v\u00e0 c\u00e1c v\u0103n b\u1ea3n li\u00ean quan.<\/p>\n<p>&#8211; M\u1ecdi h\u00e0nh vi sao ch\u00e9p, s\u1eeda \u0111\u1ed5i, ph\u00e2n ph\u1ed1i, xu\u1ea5t b\u1ea3n, l\u01b0u th\u00f4ng \u2026 v\u00ec m\u1ee5c \u0111\u00edch th\u01b0\u01a1ng m\u1ea1i m\u00e0 kh\u00f4ng \u0111\u01b0\u1ee3c s\u1ef1 cho ph\u00e9p tr\u01b0\u1edbc b\u1eb1ng v\u0103n b\u1ea3n c\u1ee7a Csagricorp l\u00e0 x\u00e2m ph\u1ea1m quy\u1ec1n c\u1ee7a Csagricorp. Csagricorp c\u00f3 quy\u1ec1n y\u00eau c\u1ea7u NG\u01af\u1edcI S\u1eec D\u1ee4NG ch\u1ea5m d\u1ee9t vi\u1ec7c s\u1eed d\u1ee5ng v\u00e0 b\u1ed3i th\u01b0\u1eddng thi\u1ec7t h\u1ea1i (n\u1ebfu c\u00f3). <\/p>\n<p><strong>N\u1ed8I DUNG<\/strong><\/p>\n<p><strong>M\u1ee5c \u0111\u00edch:<\/strong><\/p>\n<p>-C\u00e1c th\u00f4ng tin \u0111\u01b0\u1ee3c \u0111\u0103ng t\u1ea3i tr\u00ean website v\u1edbi m\u1ee5c \u0111\u00edch l\u00e0m l\u1ee3i cho ng\u01b0\u1eddi ti\u00eau d\u00f9ng (cung c\u1ea5p th\u00f4ng tin v\u1ec1 c\u00f4ng ty, c\u1ed5 \u0111\u00f4ng s\u1ea3n ph\u1ea9m v\u00e0 nh\u1eefng th\u00f4ng tin dinh d\u01b0\u1ee1ng, ch\u01b0\u01a1ng tr\u00ecnh khuy\u1ebfn m\u1ea1i c\u1ee7a c\u00f4ng ty\u2026)<\/p>\n<p>&#8211; Csagricorp kh\u00f4ng c\u00f3 tr\u00e1ch nhi\u1ec7m \u0111\u01b0a ra nh\u1eefng l\u1eddi khuy\u00ean hay d\u1ecbch v\u1ee5 v\u1ec1 y t\u1ebf. C\u00e1c th\u00f4ng tin \u0111\u01b0\u1ee3c hi\u1ec3n th\u1ecb tr\u00ean trang web n\u00e0y c\u0169ng kh\u00f4ng nh\u1eb1m m\u1ee5c \u0111\u00edch kh\u00e1m hay ch\u1eefa b\u1ec7nh. Qu\u00fd v\u1ecb n\u00ean \u0111i kh\u00e1m b\u00e1c s\u0129 \u0111\u1ec3 c\u00f3 nh\u1eefng d\u1ecbch v\u1ee5 t\u01b0 v\u1ea5n ch\u00ednh x\u00e1c, bao g\u1ed3m c\u1ea3 nh\u1eefng t\u01b0 v\u1ea5n v\u1ec1 ch\u1ebf \u0111\u1ed9 \u0103n hay ch\u01b0\u01a1ng tr\u00ecnh t\u1eadp luy\u1ec7n.  <\/p>\n<p><strong>Quy\u1ec1n v\u00e0 tr\u00e1ch nhi\u1ec7m c\u1ee7a Csagricorp:<\/strong><\/p>\n<p>&#8211; Csagricorp c\u00f3 quy\u1ec1n thay \u0111\u1ed5i v\u00e0\/ho\u1eb7c ch\u1ea5m d\u1ee9t c\u00e1c n\u1ed9i dung, t\u00ednh n\u0103ng c\u1ee7a website m\u00e0 kh\u00f4ng c\u1ea7n th\u00f4ng b\u00e1o tr\u01b0\u1edbc v\u1edbi NG\u01af\u1edcI S\u1eec D\u1ee4NG, NG\u01af\u1edcI S\u1eec D\u1ee4NG c\u00f3 tr\u00e1ch nhi\u1ec7m th\u01b0\u1eddng xuy\u00ean c\u1eadp nh\u1eadt c\u00e1c \u0111i\u1ec1u ki\u1ec7n v\u00e0 \u0111i\u1ec1u kho\u1ea3n trong th\u00f4ng b\u00e1o n\u00e0y.<\/p>\n<p>&#8211; Csagricorp c\u00f3 quy\u1ec1n th\u1ef1c hi\u1ec7n c\u00e1c bi\u1ec7n ph\u00e1p an ninh \u0111\u1ec3 b\u1ea3o v\u1ec7 v\u00e0 ch\u1ed1ng c\u00e1c truy c\u1eadp tr\u00e1i ph\u00e9p ho\u1eb7c s\u1eeda \u0111\u1ed5i tr\u00e1i ph\u00e9p, ti\u1ebft l\u1ed9 ho\u1eb7c ph\u00e1 h\u1ee7y th\u00f4ng tin.<\/p>\n<p>&#8211; Csagricorp kh\u00f4ng tuy\u00ean b\u1ed1 ho\u1eb7c kh\u00f4ng c\u00f3 tr\u00e1ch nhi\u1ec7m ch\u1ee9ng th\u1ef1c t\u00ednh ch\u00ednh x\u00e1c hay \u0111\u1ed9 tin c\u1eady c\u1ee7a b\u1ea5t k\u1ef3 l\u1eddi khuy\u00ean, \u00fd ki\u1ebfn, ph\u00e1t bi\u1ec3u ho\u1eb7c c\u00e1c th\u00f4ng tin t\u1eeb c\u00e1c ngu\u1ed3n kh\u00e1c ho\u1eb7c t\u1eeb b\u1ea5t k\u1ef3 NG\u01af\u1edcI S\u1eec D\u1ee4NG n\u00e0o t\u1ea1i Website n\u00e0y.<\/p>\n<p>&#8211; Khi s\u1eed d\u1ee5ng c\u00e1c trang web, th\u00f4ng tin s\u1ebd \u0111\u01b0\u1ee3c truy\u1ec1n qua m\u1ed9t ph\u01b0\u01a1ng ti\u1ec7n n\u1eb1m ngo\u00e0i s\u1ef1 ki\u1ec3m so\u00e1t Csagricorp. Theo \u0111\u00f3, Csagricorp kh\u00f4ng ch\u1ecbu tr\u00e1ch nhi\u1ec7m cho ho\u1eb7c li\u00ean quan \u0111\u1ebfn b\u1ea5t k\u1ef3 s\u1ef1 ch\u1eadm tr\u1ec5, th\u1ea5t b\u1ea1i, b\u1ecb gi\u00e1n \u0111o\u1ea1n c\u1ee7a b\u1ea5t k\u1ef3 d\u1eef li\u1ec7u ho\u1eb7c c\u00e1c th\u00f4ng tin kh\u00e1c \u0111\u01b0\u1ee3c truy\u1ec1n trong k\u1ebft n\u1ed1i v\u1edbi vi\u1ec7c s\u1eed d\u1ee5ng c\u1ee7a trang web. <\/p>\n<p>&#8211; Th\u00f4ng tin c\u00e1 nh\u00e2n nh\u01b0 \u0111\u1ecba ch\u1ec9, email v\u00e0 cookie c\u1ee7a NG\u01af\u1edcI S\u1eec D\u1ee4NG c\u00f3 th\u1ec3 \u0111\u01b0\u1ee3c s\u1eed d\u1ee5ng n\u1ed9i b\u1ed9 \u0111\u1ec3 duy tr\u00ec h\u1ed3 s\u01a1 th\u00e0nh vi\u00ean, cho m\u1ee5c \u0111\u00edch ti\u1ebfp th\u1ecb v\u00e0 c\u1ea3nh b\u00e1o c\u00e1c kh\u00e1ch h\u00e0ng\/th\u00e0nh vi\u00ean c\u00e1c d\u1ecbch v\u1ee5 b\u1ed5 sung. S\u1ed1 \u0111i\u1ec7n tho\u1ea1i c\u0169ng c\u00f3 th\u1ec3 \u0111\u01b0\u1ee3c s\u1eed d\u1ee5ng b\u1edfi Csagricorp khi c\u00e1c c\u00e2u h\u1ecfi li\u00ean quan \u0111\u1ebfn s\u1ea3n ph\u1ea9m \u0111\u01b0\u1ee3c \u0111\u1ec1 ngh\u1ecb gi\u1ea3i \u0111\u00e1p. Csagricorp kh\u00f4ng ti\u1ebft l\u1ed9 b\u1ea5t k\u1ef3 th\u00f4ng tin v\u1ec1 ng\u01b0\u1eddi d\u00f9ng c\u00e1 nh\u00e2n cho b\u00ean th\u1ee9 ba ngo\u1ea1i tr\u1eeb vi\u1ec7c tu\u00e2n theo ph\u00e1p lu\u1eadt ho\u1eb7c c\u00e1c quy tr\u00ecnh ph\u00e1p l\u00fd h\u1ee3p l\u1ec7  <\/p>\n<p>&#8211; T\u1ea5t c\u1ea3 c\u00e1c th\u00f4ng tin, t\u00e0i li\u1ec7u kh\u00f4ng mang t\u00ednh ch\u1ea5t ri\u00eang t\u01b0 \u0111\u01b0\u1ee3c NG\u01af\u1edcI S\u1eec D\u1ee4NG \u0111\u01b0a l\u00ean trang trang web \u0111\u1ec1u kh\u00f4ng \u0111\u01b0\u1ee3c xem l\u00e0 th\u00f4ng tin m\u1eadt, v\u00e0 Csagricorp \u0111\u01b0\u1ee3c ph\u00e9p to\u00e0n quy\u1ec1n s\u1eed d\u1ee5ng hay chuy\u1ec3n t\u1ea3i cho b\u1ea5t k\u1ef3 m\u1ee5c \u0111\u00edch n\u00e0o. \u0110\u1eb7c bi\u1ec7t, Csagricorp \u0111\u01b0\u1ee3c ph\u00e9p s\u1eed d\u1ee5ng b\u1ea5t k\u1ef3 \u00fd t\u01b0\u1edfng hay kh\u00e1i ni\u1ec7m n\u00e0o m\u00e0 NG\u01af\u1edcI S\u1eec D\u1ee4NG \u0111\u00e3 \u0111\u01b0a l\u00ean trang web cho t\u1ea5t c\u1ea3 c\u00e1c m\u1ee5c \u0111\u00edch kh\u00f4ng gi\u1edbi h\u1ea1n, bao g\u1ed3m c\u1ea3 vi\u1ec7c ph\u00e1t tri\u1ec3n, s\u1ea3n xu\u1ea5t, qu\u1ea3ng c\u00e1o hay ti\u1ebfp th\u1ecb s\u1ea3n ph\u1ea9m. Csagricorp kh\u00f4ng c\u00f3 tr\u00e1ch nhi\u1ec7m ph\u1ea3i b\u1ed3i th\u01b0\u1eddng hay th\u01b0\u1edfng cho ng\u01b0\u1eddi cung c\u1ea5p.  <\/p>\n<p>&#8211; NG\u01af\u1edcI S\u1eec D\u1ee4NG ph\u1ea3i \u00fd th\u1ee9c v\u00e0 b\u1ea3o \u0111\u1ea3m nh\u1eefng th\u00f4ng tin, t\u00e0i li\u1ec7u m\u00e0 NG\u01af\u1edcI S\u1eec D\u1ee4NG g\u1eedi ph\u1ea3i n\u1eb1m trong quy\u1ec1n h\u1ea1n s\u1eed d\u1ee5ng c\u1ee7a NG\u01af\u1edcI S\u1eec D\u1ee4NG ; \u0111i\u1ec1u \u0111\u00f3 c\u00f3 ngh\u0129a Csagricorp s\u1ebd kh\u00f4ng vi ph\u1ea1m b\u1ea5t c\u1ee9 quy\u1ec1n l\u1ee3i n\u00e0o c\u1ee7a b\u00ean th\u1ee9 ba.<\/p>\n<p>&#8211; Csagricorp kh\u00f4ng nh\u1ea5t thi\u1ebft ph\u1ea3i ch\u1ea5p nh\u1eadn t\u1ea5t c\u1ea3 t\u00e0i li\u1ec7u NG\u01af\u1edcI S\u1eec D\u1ee4NG g\u1eedi.<\/p>\n<p><strong>Quy\u1ec1n v\u00e0 tr\u00e1ch nhi\u1ec7m c\u1ee7a NG\u01af\u1edcI S\u1eec D\u1ee4NG:<\/strong><\/p>\n<p>&#8211; Csagricorp cho ph\u00e9p NG\u01af\u1edcI S\u1eec D\u1ee4NG xem, chi\u1ebft xu\u1ea5t th\u00f4ng tin tr\u00ean webisite (in, t\u1ea3i,\u2026) ho\u1eb7c chia s\u1ebb cho ng\u01b0\u1eddi kh\u00e1c nh\u01b0ng ch\u1ec9 cho m\u1ee5c \u0111\u00edch s\u1eed d\u1ee5ng c\u00e1 nh\u00e2n v\u00e0 phi th\u01b0\u01a1ng m\u1ea1i v\u1edbi \u0111i\u1ec1u ki\u1ec7n ph\u1ea3i tr\u00edch d\u1eabn th\u00f4ng b\u00e1o b\u1ea3n quy\u1ec1n sau \u0111\u00e2y: &#8220;\u00a92024 Copyright by Csagricorp.\u201d<\/p>\n<p>&#8211; NG\u01af\u1edcI S\u1eec D\u1ee4NG \u0111\u1ea3m b\u1ea3o tu\u00e2n theo ph\u00e1p lu\u1eadt v\u00e0 c\u00e1c quy \u0111\u1ecbnh li\u00ean quan \u0111\u1ebfn vi\u1ec7c s\u1eed d\u1ee5ng website; kh\u00f4ng can thi\u1ec7p, g\u00e2y \u1ea3nh h\u01b0\u1edfng \u0111\u1ebfn vi\u1ec7c s\u1eed d\u1ee5ng website c\u1ee7a nh\u1eefng NG\u01af\u1edcI S\u1eec D\u1ee4NG kh\u00e1c; kh\u00f4ng can thi\u1ec7p v\u00e0o ho\u1ea1t \u0111\u1ed9ng v\u00e0 qu\u1ea3n l\u00fd website c\u1ee7a Csagricorp.<\/p>\n<p>&#8211; NG\u01af\u1edcI S\u1eec D\u1ee4NG nh\u1eadn th\u1ee9c r\u00f5 v\u00e0 ch\u1ea5p nh\u1eadn r\u1eb1ng Csagricorp\/c\u00e1c \u0111\u01a1n v\u1ecb tr\u1ef1c thu\u1ed9c\/ NPP \/nh\u00e2n vi\u00ean Csagricorp kh\u00f4ng ch\u1ecbu tr\u00e1ch nhi\u1ec7m \u0111\u1ed1i v\u1edbi b\u1ea5t k\u1ef3 t\u1ed5n th\u1ea5t, thi\u1ec7t h\u1ea1i, chi ph\u00ed ph\u00e1t sinh t\u1eeb b\u1ea5t k\u1ef3 quy\u1ebft \u0111\u1ecbnh n\u00e0o c\u1ee7a NG\u01af\u1edcI S\u1eec D\u1ee4NG khi s\u1eed d\u1ee5ng b\u1ea5t k\u1ef3 th\u00f4ng tin n\u00e0o tr\u00ean website v\u1edbi b\u1ea5t k\u1ef3 nguy\u00ean nh\u00e2n g\u00ec.<\/p>\n<p>&#8211; N\u1ebfu NG\u01af\u1edcI S\u1eec D\u1ee4NG kh\u00f4ng b\u1eb1ng l\u00f2ng v\u1edbi b\u1ea5t k\u1ef3 th\u00f4ng tin n\u00e0o tr\u00ean Website ho\u1eb7c v\u1edbi b\u1ea5t k\u1ef3 \u0111i\u1ec1u kho\u1ea3n v\u00e0 \u0111i\u1ec1u ki\u1ec7n s\u1eed d\u1ee5ng th\u00f4ng tin tr\u00ean Website n\u00e0y th\u00ec ph\u01b0\u01a1ng th\u1ee9c duy nh\u1ea5t NG\u01af\u1edcI S\u1eec D\u1ee4NG n\u00ean th\u1ef1c hi\u1ec7n l\u00e0 ch\u1ea5m d\u1ee9t s\u1eed d\u1ee5ng th\u00f4ng tin tr\u00ean Website.<\/p>\n<p><strong>\u0110I\u1ec0U KHO\u1ea2N CU\u1ed0I:<\/strong><\/p>\n<p>\u0110i\u1ec1u kho\u1ea3n s\u1eed d\u1ee5ng \u0111\u01b0\u1ee3c \u0111i\u1ec1u ch\u1ec9nh b\u1edfi ph\u00e1p lu\u1eadt Vi\u1ec7t Nam<\/p>\n<p>M\u1ed9t \u0111i\u1ec1u kho\u1ea3n s\u1eed d\u1ee5ng b\u1ecb v\u00f4 hi\u1ec7u theo quy\u1ebft \u0111\u1ecbnh c\u1ee7a t\u00f2a \u00e1n c\u00f3 th\u1ea9m quy\u1ec1n s\u1ebd kh\u00f4ng \u1ea3nh h\u01b0\u1edfng \u0111\u1ebfn t\u00ednh hi\u1ec7u l\u1ef1c c\u1ee7a c\u00e1c \u0111i\u1ec1u kho\u1ea3n c\u00f2n l\u1ea1i.<\/p>\n<p>Th\u00f4ng b\u00e1o n\u00e0y v\u00e0 t\u1ea5t c\u1ea3 c\u00e1c \u0111i\u1ec1u kho\u1ea3n s\u1eed d\u1ee5ng t\u1ea1o th\u00e0nh to\u00e0n b\u1ed9 th\u1ecfa thu\u1eadn gi\u1eefa Csagricorp v\u00e0 NG\u01af\u1edcI S\u1eec D\u1ee4NG li\u00ean quan \u0111\u1ebfn vi\u1ec7c s\u1eed d\u1ee5ng c\u00e1c th\u00f4ng tin tr\u00ean website. Csagricorp c\u00f3 th\u1ec3 \u0111i\u1ec1u ch\u1ec9nh n\u1ed9i dung th\u00f4ng b\u00e1o n\u00e0y b\u1ea5t c\u1ee9 l\u00fac n\u00e0o b\u1eb1ng c\u00e1ch c\u1eadp nh\u1eadt l\u00ean trang web. NG\u01af\u1edcI S\u1eec D\u1ee4NG n\u00ean th\u01b0\u1eddng xuy\u00ean truy c\u1eadp \u0111\u1ec3 theo d\u00f5i c\u00e1c quy \u0111\u1ecbnh r\u00e0ng bu\u1ed9c n\u00e0y khi s\u1eed d\u1ee5ng.  <\/p>\n<p> Ban qu\u1ea3n tr\u1ecb Website Csagricorp &#8211;<\/p>\n<\/div>\n<\/section>\n<\/div>\n<\/section>\n","protected":false},"excerpt":{"rendered":"<p>\u0110I\u1ec0U KHO\u1ea2N S\u1eec D\u1ee4NG &#8211; X\u00e1c l\u1eadp m\u1ed9t th\u1ecfa thu\u1eadn gi\u1eefa  [&hellip;]<\/p>\n","protected":false},"author":1,"featured_media":0,"parent":0,"menu_order":0,"comment_status":"closed","ping_status":"closed","template":"","meta":{"footnotes":""},"class_list":["post-1395","page","type-page","status-publish","hentry"],"_links":{"self":[{"href":"https:\/\/csagricorp.com\/zh-hant\/wp-json\/wp\/v2\/pages\/1395","targetHints":{"allow":["GET"]}}],"collection":[{"href":"https:\/\/csagricorp.com\/zh-hant\/wp-json\/wp\/v2\/pages"}],"about":[{"href":"https:\/\/csagricorp.com\/zh-hant\/wp-json\/wp\/v2\/types\/page"}],"author":[{"embeddable":true,"href":"https:\/\/csagricorp.com\/zh-hant\/wp-json\/wp\/v2\/users\/1"}],"replies":[{"embeddable":true,"href":"https:\/\/csagricorp.com\/zh-hant\/wp-json\/wp\/v2\/comments?post=1395"}],"version-history":[{"count":1,"href":"https:\/\/csagricorp.com\/zh-hant\/wp-json\/wp\/v2\/pages\/1395\/revisions"}],"predecessor-version":[{"id":1540,"href":"https:\/\/csagricorp.com\/zh-hant\/wp-json\/wp\/v2\/pages\/1395\/revisions\/1540"}],"wp:attachment":[{"href":"https:\/\/csagricorp.com\/zh-hant\/wp-json\/wp\/v2\/media?parent=1395"}],"curies":[{"name":"wp","href":"https:\/\/api.w.org\/{rel}","templated":true}]}}