{"id":1396,"date":"2024-12-03T03:53:40","date_gmt":"2024-12-02T20:53:40","guid":{"rendered":"https:\/\/csagricorp.com\/chinh-sach-ve-bao-mat\/"},"modified":"2024-12-23T10:45:04","modified_gmt":"2024-12-23T03:45:04","slug":"chinh-sach-ve-bao-mat","status":"publish","type":"page","link":"https:\/\/csagricorp.com\/zh-hant\/chinh-sach-ve-bao-mat\/","title":{"rendered":"\u9690\u79c1\u653f\u7b56"},"content":{"rendered":"<p align=\"justify\"><strong>I. <\/strong><strong>M\u1ee5c \u0111\u00edch thu th\u1eadp th\u00f4ng tin:<\/strong><\/p>\n<p align=\"justify\"><strong>C\u00d4NG TY C\u1ed4 PH\u1ea6N \u0110\u1ea6U T\u01af N\u00d4NG NGHI\u1ec6P CS <\/strong>hi\u1ec3u r\u00f5 t\u1ea7m quan tr\u1ecdng v\u00e0 t\u00f4n tr\u1ecdng quy\u1ec1n b\u1ea3o m\u1eadt th\u00f4ng tin c\u00e1 nh\u00e2n (\u201cTh\u00f4ng tin\u201d) c\u1ee7a ng\u01b0\u1eddi truy c\u1eadp website csagricorp. V\u1edbi Ch\u00ednh s\u00e1ch b\u1ea3o m\u1eadt th\u00f4ng tin s\u1ebd cung c\u1ea5p n\u1ed9i dung t\u1ed5ng quan nh\u1eb1m minh b\u1ea1ch h\u00f3a m\u1ee5c \u0111\u00edch thu th\u1eadp th\u00f4ng tin; ph\u1ea1m vi v\u00e0 ph\u01b0\u01a1ng th\u1ee9c thu th\u1eadp th\u00f4ng tin; ph\u1ea1m vi s\u1eed d\u1ee5ng, \u0111\u1ed1i t\u01b0\u1ee3ng ti\u1ebfp c\u1eadn, th\u1eddi gian l\u01b0u tr\u1eef th\u00f4ng tin; c\u00e1c li\u00ean k\u1ebft v\u00e0 s\u1ea3n ph\u1ea9m c\u1ee7a b\u00ean th\u1ee9 ba tr\u00ean website; cam k\u1ebft b\u1ea3o m\u1eadt th\u00f4ng tin; quy\u1ec1n l\u1ee3i v\u00e0 tr\u00e1ch nhi\u1ec7m c\u1ee7a ng\u01b0\u1eddi d\u00f9ng; th\u00f4ng tin v\u00e0 ph\u01b0\u01a1ng th\u1ee9c li\u00ean h\u1ec7 \u0111\u01b0\u1ee3c n\u00eau t\u1ea1i Ch\u00ednh s\u00e1ch n\u00e0y. <\/p>\n<p align=\"justify\">Ch\u00ednh s\u00e1ch n\u00e0y \u0111\u01b0\u1ee3c \u00e1p d\u1ee5ng khi ng\u01b0\u1eddi d\u00f9ng truy c\u1eadp website Csagricorp.com, t\u1ee9c l\u00e0 ng\u01b0\u1eddi d\u00f9ng \u0111\u1ed3ng \u00fd v\u1edbi c\u00e1c \u0111i\u1ec1u kho\u1ea3n m\u00e0 Csagricorp quy \u0111\u1ecbnh trong Ch\u00ednh s\u00e1ch n\u00e0y (bao g\u1ed3m c\u1ea3 c\u00e1c ph\u1ea7n b\u1ed5 sung, s\u1eeda \u0111\u1ed5i t\u00f9y t\u1eebng th\u1eddi \u0111i\u1ec3m).<\/p>\n<p align=\"justify\">T\u00f9y t\u00ecnh h\u00ecnh, nhu c\u1ea7u b\u1ea3o m\u1eadt th\u1ef1c t\u1ebf, Csagricorp c\u00f3 th\u1ec3 \u0111i\u1ec1u ch\u1ec9nh Ch\u00ednh s\u00e1ch n\u00e0y v\u00ec v\u1eady khi truy c\u1eadp website ng\u01b0\u1eddi d\u00f9ng n\u00ean th\u01b0\u1eddng xuy\u00ean ki\u1ec3m tra l\u1ea1i Th\u00f4ng tin Ch\u00ednh s\u00e1ch \u0111\u1ec3 c\u00f3 c\u00e1c b\u1ea3n c\u1eadp nh\u1eadt m\u1edbi nh\u1ea5t.<\/p>\n<p><strong>II. Ph\u1ea1m vi s\u1eed d\u1ee5ng th\u00f4ng tin <\/strong><\/p>\n<p>Csagricorp thu th\u1eadp Th\u00f4ng tin c\u1ee7a Ng\u01b0\u1eddi dung ch\u1ee7 y\u1ebfu ph\u1ee5c v\u1ee5 cho m\u1ee5c \u0111\u00edch h\u1ed7 tr\u1ee3, duy tr\u00ec m\u1ed1i li\u00ean h\u1ec7 v\u1edbi Ng\u01b0\u1eddi dung nh\u01b0:<\/p>\n<ol>\n<li>\n<p align=\"justify\">1. Duy tr\u00ec li\u00ean l\u1ea1c v\u1edbi ng\u01b0\u1eddi d\u00f9ng, gi\u1ea3i \u0111\u00e1p c\u00e1c th\u1eafc m\u1eafc c\u1ee7a Ng\u01b0\u1eddi dung li\u00ean quan \u0111\u1ebfn D\u1ecbch v\u1ee5 c\u1ee7a Csagricorp;<\/p>\n<\/li>\n<li>\n<p align=\"justify\">2. G\u1eedi th\u01b0 ng\u1ecf, th\u01b0 c\u1ea3m \u01a1n;<\/p>\n<\/li>\n<li>\n<p align=\"justify\">3. Th\u00f4ng b\u00e1o \u0111\u1ebfn ng\u01b0\u1eddi dung c\u00e1c Th\u00f4ng tin khuy\u1ebfn m\u1ea1i, qu\u1ea3ng c\u00e1o ho\u1eb7c cho c\u00e1c m\u1ee5c \u0111\u00edch ti\u1ebfp th\u1ecb tr\u1ef1c ti\u1ebfp.<\/p>\n<\/li>\n<li>\n<p align=\"justify\">4. \u0110\u00e1nh gi\u00e1 v\u00e0 ph\u00e2n t\u00edch th\u1ecb tr\u01b0\u1eddng, kh\u00e1ch h\u00e0ng, D\u1ecbch v\u1ee5 c\u1ee7a Csagricorp<\/p>\n<\/li>\n<li>\n<p align=\"justify\">5. Csagricorp thu th\u1eadp Th\u00f4ng tin \u0111\u1ec3 ph\u1ee5c v\u1ee5 cho c\u00e1c m\u1ee5c \u0111\u00edch n\u00e2ng cao ch\u1ea5t l\u01b0\u1ee3ng D\u1ecbch v\u1ee5 nh\u01b0:<\/p>\n<ol type=\"a\">\n<li>\n<p align=\"justify\">a. X\u00e1c \u0111\u1ecbnh ng\u01b0\u1eddi truy c\u1eadp, website c\u1ee7a Csagricorp; <\/p>\n<\/li>\n<li>\n<p align=\"justify\">b. Ph\u00e2n t\u00edch v\u00e0 t\u1ed1i \u01b0u h\u00f3a c\u00e1c website c\u1ee7a CsagricorpL; <\/p>\n<\/li>\n<\/ol>\n<\/li>\n<li>\n<p align=\"justify\">6. C\u00e1c n\u1ed9i dung kh\u00e1c m\u00e0 Csagricorp \u0111\u01b0\u1ee3c ph\u00e9p s\u1eed d\u1ee5ng Th\u00f4ng tin kh\u00f4ng tr\u00e1i v\u1edbi quy \u0111\u1ecbnh c\u1ee7a ph\u00e1p lu\u1eadt.<\/p>\n<\/li>\n<\/ol>\n<p align=\"justify\"><strong>III. Ph\u1ea1m vi thu th\u1eadp th\u00f4ng tin <\/strong><\/p>\n<p align=\"justify\">1. Th\u00f4ng tin c\u1ee7a ng\u01b0\u1eddi d\u00f9ng m\u00e0 Csagricorp s\u1ebd thu th\u1eadp bao g\u1ed3m:<\/p>\n<p align=\"justify\">a) H\u1ecd t\u00ean;<\/p>\n<p align=\"justify\">b) S\u1ed1 \u0111i\u1ec7n tho\u1ea1i;<\/p>\n<p align=\"justify\">c) Email;<\/p>\n<p align=\"justify\">d) \u0110\u1ecba ch\u1ec9;<\/p>\n<p align=\"justify\">2. Cho t\u1eebng, m\u1ee5c \u0111\u00edch thu th\u1eadp c\u1ee5 th\u1ec3 kh\u00e1c, t\u00f9y t\u1eebng th\u1eddi \u0111i\u1ec3m Csagricorp c\u00f3 th\u1ec3 y\u00eau c\u1ea7u ng\u01b0\u1eddi d\u00f9ng cung c\u1ea5p th\u00eam m\u1ed9t s\u1ed1 Th\u00f4ng tin nh\u1eb1m \u0111\u1ea3m b\u1ea3o vi\u1ec7c s\u1eed d\u1ee5ng c\u1ee7a ch\u00ednh ng\u01b0\u1eddi d\u00f9ng ho\u1eb7c \u0111\u1ea3m b\u1ea3o s\u1ef1 li\u00ean h\u1ec7 gi\u1eefa Csagricorp v\u00e0 ng\u01b0\u1eddi d\u00f9ng \u0111\u01b0\u1ee3c th\u00f4ng su\u1ed1t, thu\u1eadn ti\u1ec7n.<\/p>\n<p align=\"justify\"><a name=\"_GoBack\"><\/a>3. \u0110\u1ed1i v\u1edbi ph\u1ea1m vi thu th\u1eadp Th\u00f4ng tin \u0111\u1ec1 c\u1eadp t\u1ea1i Ch\u00ednh s\u00e1ch n\u00e0y, ng\u01b0\u1eddi d\u00f9ng t\u00f9y ch\u1ecdn vi\u1ec7c cung c\u1ea5p ho\u1eb7c t\u1eeb ch\u1ed1i cung c\u1ea5p Th\u00f4ng tin cho Csagricorp.<\/p>\n<p><strong>IV. Th\u1eddi gian l\u01b0u tr\u1eef th\u00f4ng tin <\/strong><\/p>\n<p>D\u1eef li\u1ec7u c\u00e1 nh\u00e2n c\u1ee7a ng\u01b0\u1eddi dung s\u1ebd \u0111\u01b0\u1ee3c l\u01b0u tr\u1eef cho \u0111\u1ebfn khi c\u00f3 y\u00eau c\u1ea7u h\u1ee7y b\u1ecf t\u1eeb kh\u00e1ch h\u00e0ng. C\u00f2n l\u1ea1i trong m\u1ecdi tr\u01b0\u1eddng h\u1ee3p th\u00f4ng tin c\u00e1 nh\u00e2n th\u00e0nh vi\u00ean s\u1ebd \u0111\u01b0\u1ee3c b\u1ea3o m\u1eadt tr\u00ean m\u00e1y ch\u1ee7 c\u1ee7a Website Csagricorp.com <\/p>\n<p>* \u0110\u1ecba ch\u1ec9 c\u1ee7a \u0111\u01a1n v\u1ecb thu th\u1eadp v\u00e0 qu\u1ea3n l\u00fd th\u00f4ng tin c\u00e1 nh\u00e2n<\/p>\n<p><strong>C\u00d4NG TY C\u1ed4 PH\u1ea6N \u0110\u1ea6U T\u01af N\u00d4NG NGHI\u1ec6P CS<\/strong><\/p>\n<p><strong>Tr\u1ee5 s\u1edf:<\/strong> 76A Nguy\u1ec5n \u0110\u01b0\u1eddng, Ph\u01b0\u1eddng Ia Kring, Th\u00e0nh ph\u1ed1 Pleiku, T\u1ec9nh Gia Lai, Vi\u1ec7t Nam<\/p>\n<p><strong>\u0110i\u1ec7n tho\u1ea1i:<\/strong> 0338 882 539 <\/p>\n<p><strong>Email:<\/strong> csgroup.agri@gmail.com<\/p>\n<p><strong>V. Ph\u01b0\u01a1ng ti\u1ec7n v\u00e0 c\u00f4ng c\u1ee5 \u0111\u1ec3 ng\u01b0\u1eddi d\u00f9ng ti\u1ebfp c\u1eadn v\u00e0 ch\u1ec9nh s\u1eeda d\u1eef li\u1ec7u c\u00e1 nh\u00e2n c\u1ee7a m\u00ecnh.<\/strong><\/p>\n<p>&#8211; Ng\u01b0\u1eddi dung c\u00f3 quy\u1ec1n t\u1ef1 ki\u1ec3m tra, c\u1eadp nh\u1eadt, \u0111i\u1ec1u ch\u1ec9nh th\u00f4ng tin c\u00e1 nh\u00e2n c\u1ee7a m\u00ecnh b\u1eb1ng c\u00e1ch \u0111\u0103ng nh\u1eadp v\u00e0o t\u00e0i kho\u1ea3n v\u00e0 ch\u1ec9nh s\u1eeda th\u00f4ng tin c\u00e1 nh\u00e2n ho\u1eb7c y\u00eau c\u1ea7u ban qu\u1ea3n l\u00fd website Csagricorp.com th\u1ef1c hi\u1ec7n vi\u1ec7c n\u00e0y.<\/p>\n<p>&#8211; Ng\u01b0\u1eddi dung c\u00f3 quy\u1ec1n g\u1eedi khi\u1ebfu n\u1ea1i v\u1ec1 vi\u1ec7c l\u1ed9 th\u00f4ng tin c\u00e1 nh\u00e2n cho b\u00ean th\u1ee9 3 \u0111\u1ebfn ban qu\u1ea3n tr\u1ecb website Csagricorp.com. Khi ti\u1ebfp nh\u1eadn nh\u1eefng ph\u1ea3n h\u1ed3i n\u00e0y, ban qu\u1ea3n l\u00fd website x\u00e1c nh\u1eadn l\u1ea1i th\u00f4ng tin, ph\u1ea3i c\u00f3 tr\u00e1ch nhi\u1ec7m tr\u1ea3 l\u1eddi l\u00fd do v\u00e0 h\u01b0\u1edbng d\u1eabn ng\u01b0\u1eddi d\u00f9ng kh\u00f4i ph\u1ee5c v\u00e0 b\u1ea3o m\u1eadt l\u1ea1i th\u00f4ng tin. <\/p>\n<p><strong>VI. Cam k\u1ebft b\u1ea3o m\u1eadt th\u00f4ng tin kh\u00e1ch h\u00e0ng <\/strong><\/p>\n<p>&#8211; Th\u00f4ng tin c\u00e1 nh\u00e2n c\u1ee7a th\u00e0nh vi\u00ean tr\u00ean Csagricorp.com \u0111\u01b0\u1ee3c cam k\u1ebft b\u1ea3o m\u1eadt tuy\u1ec7t \u0111\u1ed1i theo ch\u00ednh s\u00e1ch b\u1ea3o v\u1ec7 th\u00f4ng tin c\u00e1 nh\u00e2n c\u1ee7a Csagricorp.com. Vi\u1ec7c thu th\u1eadp v\u00e0 s\u1eed d\u1ee5ng th\u00f4ng tin c\u1ee7a m\u1ed7i th\u00e0nh vi\u00ean ch\u1ec9 \u0111\u01b0\u1ee3c th\u1ef1c hi\u1ec7n khi c\u00f3 s\u1ef1 \u0111\u1ed3ng \u00fd c\u1ee7a ng\u01b0\u1eddi d\u00f9ng \u0111\u00f3 tr\u1eeb nh\u1eefng tr\u01b0\u1eddng h\u1ee3p ph\u00e1p lu\u1eadt c\u00f3 quy \u0111\u1ecbnh kh\u00e1c. <\/p>\n<p>&#8211; Kh\u00f4ng s\u1eed d\u1ee5ng, kh\u00f4ng chuy\u1ec3n giao, cung c\u1ea5p hay ti\u1ebft l\u1ed9 cho b\u00ean th\u1ee9 3 n\u00e0o v\u1ec1 th\u00f4ng tin c\u00e1 nh\u00e2n c\u1ee7a th\u00e0nh vi\u00ean khi kh\u00f4ng c\u00f3 s\u1ef1 cho ph\u00e9p \u0111\u1ed3ng \u00fd t\u1eeb th\u00e0nh vi\u00ean.<\/p>\n<p>&#8211; Trong tr\u01b0\u1eddng h\u1ee3p m\u00e1y ch\u1ee7 l\u01b0u tr\u1eef th\u00f4ng tin b\u1ecb hacker t\u1ea5n c\u00f4ng d\u1eabn \u0111\u1ebfn m\u1ea5t m\u00e1t d\u1eef li\u1ec7u c\u00e1 nh\u00e2n, Csagricorp.com s\u1ebd c\u00f3 tr\u00e1ch nhi\u1ec7m th\u00f4ng b\u00e1o v\u1ee5 vi\u1ec7c cho c\u01a1 quan ch\u1ee9c n\u0103ng \u0111i\u1ec1u tra x\u1eed l\u00fd k\u1ecbp th\u1eddi v\u00e0 th\u00f4ng b\u00e1o cho th\u00e0nh vi\u00ean \u0111\u01b0\u1ee3c bi\u1ebft.<\/p>\n<p>&#8211; B\u1ea3o m\u1eadt tuy\u1ec7t \u0111\u1ed1i m\u1ecdi th\u00f4ng tin giao d\u1ecbch tr\u1ef1c tuy\u1ebfn c\u1ee7a th\u00e0nh vi\u00ean bao g\u1ed3m th\u00f4ng tin h\u00f3a \u0111\u01a1n ch\u1ee9ng t\u1eeb s\u1ed1 h\u00f3a t\u1ea1i khu v\u1ef1c d\u1eef li\u1ec7u trung t\u00e2m an to\u00e0n c\u1ee7a Csagricorp.com.<\/p>\n<p><strong>VII. Quy tr\u00ecnh x\u1eed l\u00fd c\u00e1c khi\u1ebfu n\u1ea1i li\u00ean quan t\u1edbi th\u00f4ng tin c\u00e1 nh\u00e2n kh\u00e1ch h\u00e0ng <\/strong><\/p>\n<p>&#8211; C\u00e1c th\u00e0nh vi\u00ean tr\u00ean trang c\u00f3 quy\u1ec1n g\u1eedi khi\u1ebfu n\u1ea1i v\u1ec1 v\u1ec1 c\u00e1c v\u1ea5n \u0111\u1ec1 li\u00ean quan t\u1edbi th\u00f4ng tin c\u00e1 nh\u00e2n tr\u00ean trang Csagricorp.com t\u1edbi Ban qu\u1ea3n tr\u1ecb website qua:<\/p>\n<p><strong>\u0110i\u1ec7n tho\u1ea1i :<\/strong> 0338 882 539 <\/p>\n<p>Ho\u1eb7c <strong>email:<\/strong> csgroup.agri@gmail.com<\/p>\n<p>&#8211; Khi ti\u1ebfp nh\u1eadn th\u00f4ng tin khi\u1ebfu n\u1ea1i, Ban qu\u1ea3n tr\u1ecb website ngay l\u1eadp t\u1ee9c c\u00f3 tr\u00e1ch nhi\u1ec7m ki\u1ec3m tra t\u00ecnh tr\u1ea1ng th\u00f4ng tin ng\u01b0\u1eddi d\u00f9ng b\u1ecb khi\u1ebfu n\u1ea1i, nguy\u00ean nh\u00e2n v\u00e0 t\u00ecm c\u00e1ch kh\u1eafc ph\u1ee5c. Trong tr\u01b0\u1eddng h\u1ee3p c\u1ea7n thi\u1ebft, c\u00f3 th\u1ec3 s\u1eed d\u1ee5ng d\u1ecbch v\u1ee5 h\u1ed7 tr\u1ee3 c\u1ee7a c\u00e1c c\u00f4ng ty v\u1ec1 an ninh m\u1ea1ng. <\/p>\n<p>&#8211; Ban qu\u1ea3n tr\u1ecb website c\u00f3 tr\u00e1ch nhi\u1ec7m ph\u1ea3n h\u1ed3i cho ng\u01b0\u1eddi khi\u1ebfu n\u1ea1i v\u1ec1 k\u1ebft qu\u1ea3 gi\u1ea3i quy\u1ebft khi\u1ebfu n\u1ea1i trong v\u00f2ng 30 ng\u00e0y k\u1ec3 t\u1eeb ng\u00e0y nh\u1eadn \u0111\u01b0\u1ee3c khi\u1ebfu n\u1ea1i.<\/p>\n<p>&#8211; Trong tr\u01b0\u1eddng h\u1ee3p k\u1ebft qu\u1ea3 gi\u1ea3i quy\u1ebft khi\u1ebfu n\u1ea1i cho th\u1ea5y l\u1ed7i thu\u1ed9c v\u1ec1 Ban qu\u1ea3n tr\u1ecb website, Ban qu\u1ea3n tr\u1ecb website ph\u1ea3i b\u1ed3i th\u01b0\u1eddng cho ng\u01b0\u1eddi khi\u1ebfu n\u1ea1i nh\u1eefng thi\u1ec7t h\u1ea1i th\u1ef1c t\u1ebf ph\u00e1t sinh do vi\u1ec7c vi ph\u1ea1m c\u00e1c cam k\u1ebft v\u1ec1 b\u1ea3o m\u1eadt th\u00f4ng tin c\u00e1 nh\u00e2n kh\u00e1ch h\u00e0ng.<\/p>\n","protected":false},"excerpt":{"rendered":"<p>I. M\u1ee5c \u0111\u00edch thu th\u1eadp th\u00f4ng tin: C\u00d4NG TY C\u1ed4 PH\u1ea6N \u0110\u1ea6U T\u01af  [&hellip;]<\/p>\n","protected":false},"author":1,"featured_media":0,"parent":0,"menu_order":0,"comment_status":"closed","ping_status":"closed","template":"","meta":{"footnotes":""},"class_list":["post-1396","page","type-page","status-publish","hentry"],"_links":{"self":[{"href":"https:\/\/csagricorp.com\/zh-hant\/wp-json\/wp\/v2\/pages\/1396","targetHints":{"allow":["GET"]}}],"collection":[{"href":"https:\/\/csagricorp.com\/zh-hant\/wp-json\/wp\/v2\/pages"}],"about":[{"href":"https:\/\/csagricorp.com\/zh-hant\/wp-json\/wp\/v2\/types\/page"}],"author":[{"embeddable":true,"href":"https:\/\/csagricorp.com\/zh-hant\/wp-json\/wp\/v2\/users\/1"}],"replies":[{"embeddable":true,"href":"https:\/\/csagricorp.com\/zh-hant\/wp-json\/wp\/v2\/comments?post=1396"}],"version-history":[{"count":1,"href":"https:\/\/csagricorp.com\/zh-hant\/wp-json\/wp\/v2\/pages\/1396\/revisions"}],"predecessor-version":[{"id":1539,"href":"https:\/\/csagricorp.com\/zh-hant\/wp-json\/wp\/v2\/pages\/1396\/revisions\/1539"}],"wp:attachment":[{"href":"https:\/\/csagricorp.com\/zh-hant\/wp-json\/wp\/v2\/media?parent=1396"}],"curies":[{"name":"wp","href":"https:\/\/api.w.org\/{rel}","templated":true}]}}